{"id":1032,"date":"2022-02-02T16:40:13","date_gmt":"2022-02-02T14:40:13","guid":{"rendered":"https:\/\/www.fehlhaber-gmbh.de\/?page_id=1032"},"modified":"2022-02-14T17:47:06","modified_gmt":"2022-02-14T15:47:06","slug":"3d-eventplanung","status":"publish","type":"page","link":"https:\/\/www.fehlhaber-gmbh.de\/index.php\/3d-eventplanung\/","title":{"rendered":"3D Eventplanung"},"content":{"rendered":"\n<p>Mit unserer modernen ma\u00dfstabsgetreuen 3D Planung visualisieren wir Ihre Veranstaltung im Vorab. Planungssicherheit und \u00dcbersichtlichkeit die sich auszahlt.<\/p>\n\n\n\n<p><\/p>\n\n\n\n<p>Planungssicherheit<\/p>\n\n\n\n<p>Passt es oder passt es nicht? Wie sieht\u00b4s am Ende aus? Passen mit der Bestuhlung alle Personen rein unter Einhaltung der Fluchtwege? Ein leerer Raum f\u00fchrt zu einem vollen Kopf. Wir visualisieren durch unsere ma\u00dfstabsgetreue 3D Planung schon im Vorfeld mit Ihnen, wie es am Ende aussehen soll und ebnen den Weg f\u00fcr eine optimale Planung und machen den Kopf frei.<\/p>\n\n\n\n<p><\/p>\n\n\n\n<p>Flucht- und Rettungswegeplan<\/p>\n\n\n\n<p>Gerne erstellen wir auch Flucht- und Rettungswegepl\u00e4ne sowie Bestuhlungspl\u00e4ne speziell f\u00fcr Ihre Veranstaltung nach allen geltenden Verordnungen und Gesetzen und pr\u00fcfen, ob alles vorschriftsm\u00e4\u00dfig realisierbar ist. Unser Fachpersonal ist durch regelm\u00e4\u00dfige Weiterbildungen immer auf dem neusten Stand.<\/p>\n\n\n\n<p><\/p>\n\n\n\n<p>In enger Zusammenarbeit<\/p>\n\n\n\n<p>Sie haben die Ideen, wir setzen sie um und bringen selbstverst\u00e4ndlich auch eigene Vorschl\u00e4ge ein. Gerne feilen wir mit Ihnen zusammen am Ergebnis per Mail, Telefonat, live online oder vor Ort. \u00a0Durch unsere moderne 3D Planung sind im Vorfeld \u00c4nderungen mit nur wenigen Klicks m\u00f6glich. Ein Ansprechpartner vom ersten Gespr\u00e4ch an.<\/p>\n\n\n\n<p><\/p>\n\n\n\n<p>Wir liefern schon vorher Ergebnisse<\/p>\n\n\n\n<p>Durch die vorherige Visualisierung und Detailplanung im richtigen Ma\u00dfstab, erwarten Sie definitiv keine unvorhersehbaren \u00dcberraschungen mehr. Bis ins Detail geplant, von der m\u00f6glichen Besucherkapazit\u00e4t bis hin zur vorschriftsm\u00e4\u00dfigen Bestuhlung.<\/p>\n","protected":false},"excerpt":{"rendered":"<p>Mit unserer modernen ma\u00dfstabsgetreuen 3D Planung visualisieren wir Ihre Veranstaltung im Vorab. Planungssicherheit und \u00dcbersichtlichkeit die sich auszahlt. Planungssicherheit Passt es oder passt es nicht? Wie sieht\u00b4s am Ende aus? Passen mit der Bestuhlung alle Personen rein unter Einhaltung der Fluchtwege? Ein leerer Raum f\u00fchrt zu einem vollen Kopf. Wir visualisieren durch unsere ma\u00dfstabsgetreue 3D [&hellip;]<\/p>\n","protected":false},"author":1,"featured_media":0,"parent":0,"menu_order":0,"comment_status":"closed","ping_status":"closed","template":"","meta":{"_genesis_hide_title":false,"_genesis_hide_breadcrumbs":false,"_genesis_hide_singular_image":false,"_genesis_hide_footer_widgets":false,"_genesis_custom_body_class":"","_genesis_custom_post_class":"","_genesis_layout":"","footnotes":""},"class_list":{"0":"post-1032","1":"page","2":"type-page","3":"status-publish","5":"entry"},"_links":{"self":[{"href":"https:\/\/www.fehlhaber-gmbh.de\/index.php\/wp-json\/wp\/v2\/pages\/1032"}],"collection":[{"href":"https:\/\/www.fehlhaber-gmbh.de\/index.php\/wp-json\/wp\/v2\/pages"}],"about":[{"href":"https:\/\/www.fehlhaber-gmbh.de\/index.php\/wp-json\/wp\/v2\/types\/page"}],"author":[{"embeddable":true,"href":"https:\/\/www.fehlhaber-gmbh.de\/index.php\/wp-json\/wp\/v2\/users\/1"}],"replies":[{"embeddable":true,"href":"https:\/\/www.fehlhaber-gmbh.de\/index.php\/wp-json\/wp\/v2\/comments?post=1032"}],"version-history":[{"count":2,"href":"https:\/\/www.fehlhaber-gmbh.de\/index.php\/wp-json\/wp\/v2\/pages\/1032\/revisions"}],"predecessor-version":[{"id":1139,"href":"https:\/\/www.fehlhaber-gmbh.de\/index.php\/wp-json\/wp\/v2\/pages\/1032\/revisions\/1139"}],"wp:attachment":[{"href":"https:\/\/www.fehlhaber-gmbh.de\/index.php\/wp-json\/wp\/v2\/media?parent=1032"}],"curies":[{"name":"wp","href":"https:\/\/api.w.org\/{rel}","templated":true}]}}