{"id":201,"date":"2015-01-17T17:02:48","date_gmt":"2015-01-17T15:02:48","guid":{"rendered":"http:\/\/wordpress.eggert-entertainment.de\/?page_id=201"},"modified":"2024-06-27T11:32:28","modified_gmt":"2024-06-27T09:32:28","slug":"stage-50","status":"publish","type":"page","link":"https:\/\/www.fehlhaber-gmbh.de\/index.php\/stage-50\/","title":{"rendered":"Stage 50"},"content":{"rendered":"<ul>\n<li>Veranstaltungsbeispiele: Firmenevent, Konzert, Theater, Stadtfest<\/li>\n<li>Anwendungsgr\u00f6\u00dfe: \u00a0300-1.500 Pers.<\/li>\n<li>Szenenfl\u00e4che: 8,00mb x 6,00mt, 48,00m\u00b2; Lichte H\u00f6he: 4,00m; Podesterieh\u00f6he: 0,80m\/1,00m<\/li>\n<li>Ausstattung: Treppe, Sicherheitsgel\u00e4nder, Feuerl\u00f6scher, Fluchtwegsbeleuchtung, Anpassung an den Untergrund durch Teleskopbeine<\/li>\n<li>Technik: Traversensystem F34, Unterbau aus B\u00fctec-Elementen<\/li>\n<li>Passendes Beschallungssystem: <a href=\"http:\/\/www.fehlhaber-gmbh.de\/index.php\/grossbeschallungssysteme\/\">Galeo 2000, Galeo 3000, Galeo 5000<\/a><\/li>\n<\/ul>\n<div id='gallery-1' class='gallery galleryid-201 gallery-columns-2 gallery-size-thumbnail'><figure class='gallery-item'>\n\t\t\t<div class='gallery-icon landscape'>\n\t\t\t\t<a href='https:\/\/www.fehlhaber-gmbh.de\/wp-content\/uploads\/2015\/01\/B\u00fchne_mieten_Stage50_2.jpg' title=\"\" data-rl_title=\"\" class=\"rl-gallery-link\" data-rl_caption=\"\" data-rel=\"lightbox-gallery-1\"><img loading=\"lazy\" decoding=\"async\" width=\"150\" height=\"150\" src=\"https:\/\/www.fehlhaber-gmbh.de\/wp-content\/uploads\/2015\/01\/B\u00fchne_mieten_Stage50_2-150x150.jpg\" class=\"attachment-thumbnail size-thumbnail\" alt=\"\" \/><\/a>\n\t\t\t<\/div><\/figure><figure class='gallery-item'>\n\t\t\t<div class='gallery-icon landscape'>\n\t\t\t\t<a href='https:\/\/www.fehlhaber-gmbh.de\/wp-content\/uploads\/2015\/01\/B\u00fchne_mieten_Stage-50_2.jpg' title=\"\" data-rl_title=\"\" class=\"rl-gallery-link\" data-rl_caption=\"\" data-rel=\"lightbox-gallery-1\"><img loading=\"lazy\" decoding=\"async\" width=\"150\" height=\"150\" src=\"https:\/\/www.fehlhaber-gmbh.de\/wp-content\/uploads\/2015\/01\/B\u00fchne_mieten_Stage-50_2-150x150.jpg\" class=\"attachment-thumbnail size-thumbnail\" alt=\"\" \/><\/a>\n\t\t\t<\/div><\/figure>\n\t\t<\/div>\n\n<h2>Interessante Zusatzausstattung unserer B\u00fchnen:<\/h2>\n<ul>\n<li>Sidewings und Bannertr\u00e4ger<\/li>\n<li>CI-konforme Brandings<\/li>\n<li>Beleuchtungskonzept<\/li>\n<li>Laufsteg<\/li>\n<li>Riser (Beispielsweise f\u00fcr Schlagzeuger)<\/li>\n<li>Laderampe (f\u00fcr Technik v. K\u00fcnstlern usw.)<\/li>\n<li>Technikpl\u00e4tze f\u00fcr Regie (FOH, gegen\u00fcber der B\u00fchne)<\/li>\n<li>Kabelbr\u00fccken im Publikumsbereich und f\u00fcr Verkehr<\/li>\n<\/ul>\n<h2>Das wichtigste auf einen Blick:<\/h2>\n<ul>\n<li>Vorkonfigurierte B\u00fchnen f\u00fcr Ihre Veranstaltung<\/li>\n<li>Individuelle Konfiguration und Anpassung m\u00f6glich<\/li>\n<li>Auf- und Abbau inklusive<\/li>\n<li>Lieferung\/Abholung kosteng\u00fcnstig nach Kilometer<\/li>\n<li>Betreuung durch Operator auf Wunsch<\/li>\n<li>24 Std. Notdienst<\/li>\n<li>T\u00dcV-Abnahme des Materials<\/li>\n<li>3D-Visualisierung auf Wunsch<\/li>\n<\/ul>\n","protected":false},"excerpt":{"rendered":"<p>Veranstaltungsbeispiele: Firmenevent, Konzert, Theater, Stadtfest Anwendungsgr\u00f6\u00dfe: \u00a0300-1.500 Pers. Szenenfl\u00e4che: 8,00mb x 6,00mt, 48,00m\u00b2; Lichte H\u00f6he: 4,00m; Podesterieh\u00f6he: 0,80m\/1,00m Ausstattung: Treppe, Sicherheitsgel\u00e4nder, Feuerl\u00f6scher, Fluchtwegsbeleuchtung, Anpassung an den Untergrund durch Teleskopbeine Technik: Traversensystem F34, Unterbau aus B\u00fctec-Elementen Passendes Beschallungssystem: Galeo 2000, Galeo 3000, Galeo 5000 Interessante Zusatzausstattung unserer B\u00fchnen: Sidewings und Bannertr\u00e4ger CI-konforme Brandings Beleuchtungskonzept Laufsteg Riser [&hellip;]<\/p>\n","protected":false},"author":1,"featured_media":0,"parent":0,"menu_order":0,"comment_status":"closed","ping_status":"closed","template":"","meta":{"_genesis_hide_title":false,"_genesis_hide_breadcrumbs":false,"_genesis_hide_singular_image":false,"_genesis_hide_footer_widgets":false,"_genesis_custom_body_class":"","_genesis_custom_post_class":"","_genesis_layout":"","footnotes":""},"class_list":{"0":"post-201","1":"page","2":"type-page","3":"status-publish","5":"entry"},"_links":{"self":[{"href":"https:\/\/www.fehlhaber-gmbh.de\/index.php\/wp-json\/wp\/v2\/pages\/201"}],"collection":[{"href":"https:\/\/www.fehlhaber-gmbh.de\/index.php\/wp-json\/wp\/v2\/pages"}],"about":[{"href":"https:\/\/www.fehlhaber-gmbh.de\/index.php\/wp-json\/wp\/v2\/types\/page"}],"author":[{"embeddable":true,"href":"https:\/\/www.fehlhaber-gmbh.de\/index.php\/wp-json\/wp\/v2\/users\/1"}],"replies":[{"embeddable":true,"href":"https:\/\/www.fehlhaber-gmbh.de\/index.php\/wp-json\/wp\/v2\/comments?post=201"}],"version-history":[{"count":4,"href":"https:\/\/www.fehlhaber-gmbh.de\/index.php\/wp-json\/wp\/v2\/pages\/201\/revisions"}],"predecessor-version":[{"id":1155,"href":"https:\/\/www.fehlhaber-gmbh.de\/index.php\/wp-json\/wp\/v2\/pages\/201\/revisions\/1155"}],"wp:attachment":[{"href":"https:\/\/www.fehlhaber-gmbh.de\/index.php\/wp-json\/wp\/v2\/media?parent=201"}],"curies":[{"name":"wp","href":"https:\/\/api.w.org\/{rel}","templated":true}]}}