{"id":205,"date":"2015-01-17T17:03:09","date_gmt":"2015-01-17T15:03:09","guid":{"rendered":"http:\/\/wordpress.eggert-entertainment.de\/?page_id=205"},"modified":"2015-01-20T17:20:47","modified_gmt":"2015-01-20T15:20:47","slug":"indoorvarianten","status":"publish","type":"page","link":"https:\/\/www.fehlhaber-gmbh.de\/index.php\/indoorvarianten\/","title":{"rendered":"Indoorvarianten"},"content":{"rendered":"<h1>Ihre Veranstaltung ist individuell \u2013 unsere Indoorb\u00fchnen auch.<\/h1>\n<p>Wir k\u00f6nnen vielem ein B\u00fchne geben: Dem Firmenevent oder der Industrieveranstaltung, der Messe, der Konferenz, der Roadshow, dem Open Air, der Gala, dem Konzert und dem Theater \u2013 aber vor allem geben wir Ihnen eine B\u00fchne, individuell wie Ihre Veranstaltung, ganz egal ob es sich um 2,00 oder 200,00 m\u00b2 handelt.<\/p>\n<div id='gallery-1' class='gallery galleryid-205 gallery-columns-2 gallery-size-thumbnail'><figure class='gallery-item'>\n\t\t\t<div class='gallery-icon landscape'>\n\t\t\t\t<a href='https:\/\/www.fehlhaber-gmbh.de\/wp-content\/uploads\/2015\/01\/Inddoorvarianten.jpg' title=\"\" data-rl_title=\"\" class=\"rl-gallery-link\" data-rl_caption=\"\" data-rel=\"lightbox-gallery-1\"><img loading=\"lazy\" decoding=\"async\" width=\"150\" height=\"150\" src=\"https:\/\/www.fehlhaber-gmbh.de\/wp-content\/uploads\/2015\/01\/Inddoorvarianten-150x150.jpg\" class=\"attachment-thumbnail size-thumbnail\" alt=\"\" \/><\/a>\n\t\t\t<\/div><\/figure><figure class='gallery-item'>\n\t\t\t<div class='gallery-icon landscape'>\n\t\t\t\t<a href='https:\/\/www.fehlhaber-gmbh.de\/wp-content\/uploads\/2015\/01\/B\u00fchne_mieten_indoor_1.jpg' title=\"\" data-rl_title=\"\" class=\"rl-gallery-link\" data-rl_caption=\"\" data-rel=\"lightbox-gallery-1\"><img loading=\"lazy\" decoding=\"async\" width=\"150\" height=\"150\" src=\"https:\/\/www.fehlhaber-gmbh.de\/wp-content\/uploads\/2015\/01\/B\u00fchne_mieten_indoor_1-150x150.jpg\" class=\"attachment-thumbnail size-thumbnail\" alt=\"\" \/><\/a>\n\t\t\t<\/div><\/figure>\n\t\t<\/div>\n\n<h2>Standartausstattung:<\/h2>\n<ul>\n<li>Flexible Gr\u00f6\u00dfe und Podesth\u00f6he<\/li>\n<li>Treppe und Sicherheitsgel\u00e4nder<\/li>\n<li>Molton-Verkleidung der Podesterie<\/li>\n<\/ul>\n<p>&nbsp;<\/p>\n<h2>Ausstattungsvarianten:<\/h2>\n<ul>\n<li>Traversenbau als Tr\u00e4gerrahmen f\u00fcr Ton-. Licht- und Medientechnik<\/li>\n<li>Sidewings und Bannertr\u00e4ger<\/li>\n<li>CI-konforme Brandings<\/li>\n<li>Teppich<\/li>\n<li>Beleuchtungskonzept<\/li>\n<li>Beschallungskonzept<\/li>\n<li>Einbau von Displays und Projektoren<\/li>\n<li>Laufsteg<\/li>\n<li>Riser (Beispielsweise f\u00fcr Schlagzeuger)<\/li>\n<li>Laderampe (f\u00fcr Technik v. K\u00fcnstlern usw.)<\/li>\n<li>Technikpl\u00e4tze f\u00fcr Regie (FOH, gegen\u00fcber der B\u00fchne)<\/li>\n<li>Kabelbr\u00fccken im Zuschauerbereich<\/li>\n<\/ul>\n<p>&nbsp;<\/p>\n<h2>Das wichtigste auf einen Blick:<\/h2>\n<ul>\n<li>Individuelle Konfiguration und Anpassung<\/li>\n<li>Auf- und Abbau nach Aufwand<\/li>\n<li>Lieferung\/Abholung kosteng\u00fcnstig nach Kilometer<\/li>\n<li>Betreuung durch Operator auf Wunsch<\/li>\n<li>24 Std. Notdienst<\/li>\n<li>T\u00dcV-Abnahme des Materials<\/li>\n<li>3D Visualisierung auf Wunsch<\/li>\n<\/ul>\n","protected":false},"excerpt":{"rendered":"<p>Ihre Veranstaltung ist individuell \u2013 unsere Indoorb\u00fchnen auch. Wir k\u00f6nnen vielem ein B\u00fchne geben: Dem Firmenevent oder der Industrieveranstaltung, der Messe, der Konferenz, der Roadshow, dem Open Air, der Gala, dem Konzert und dem Theater \u2013 aber vor allem geben wir Ihnen eine B\u00fchne, individuell wie Ihre Veranstaltung, ganz egal ob es sich um 2,00 [&hellip;]<\/p>\n","protected":false},"author":1,"featured_media":0,"parent":0,"menu_order":0,"comment_status":"closed","ping_status":"closed","template":"","meta":{"_genesis_hide_title":false,"_genesis_hide_breadcrumbs":false,"_genesis_hide_singular_image":false,"_genesis_hide_footer_widgets":false,"_genesis_custom_body_class":"","_genesis_custom_post_class":"","_genesis_layout":"","footnotes":""},"class_list":{"0":"post-205","1":"page","2":"type-page","3":"status-publish","5":"entry"},"_links":{"self":[{"href":"https:\/\/www.fehlhaber-gmbh.de\/index.php\/wp-json\/wp\/v2\/pages\/205"}],"collection":[{"href":"https:\/\/www.fehlhaber-gmbh.de\/index.php\/wp-json\/wp\/v2\/pages"}],"about":[{"href":"https:\/\/www.fehlhaber-gmbh.de\/index.php\/wp-json\/wp\/v2\/types\/page"}],"author":[{"embeddable":true,"href":"https:\/\/www.fehlhaber-gmbh.de\/index.php\/wp-json\/wp\/v2\/users\/1"}],"replies":[{"embeddable":true,"href":"https:\/\/www.fehlhaber-gmbh.de\/index.php\/wp-json\/wp\/v2\/comments?post=205"}],"version-history":[{"count":4,"href":"https:\/\/www.fehlhaber-gmbh.de\/index.php\/wp-json\/wp\/v2\/pages\/205\/revisions"}],"predecessor-version":[{"id":475,"href":"https:\/\/www.fehlhaber-gmbh.de\/index.php\/wp-json\/wp\/v2\/pages\/205\/revisions\/475"}],"wp:attachment":[{"href":"https:\/\/www.fehlhaber-gmbh.de\/index.php\/wp-json\/wp\/v2\/media?parent=205"}],"curies":[{"name":"wp","href":"https:\/\/api.w.org\/{rel}","templated":true}]}}