{"id":42,"date":"2014-09-20T11:53:16","date_gmt":"2014-09-20T09:53:16","guid":{"rendered":"http:\/\/wordpress.eggert-entertainment.de\/?page_id=42"},"modified":"2018-02-19T13:16:35","modified_gmt":"2018-02-19T11:16:35","slug":"das-sagt-man-ueber-uns","status":"publish","type":"page","link":"https:\/\/www.fehlhaber-gmbh.de\/index.php\/das-sagt-man-ueber-uns\/","title":{"rendered":"Das sagt man \u00fcber uns"},"content":{"rendered":"<h2>Das sagen unsere Kunden!<\/h2>\n<p>Anbei finden Sie einige Aussagen unserer Kunden \u00fcber unsere Arbeitsweise und unsere Carrera Autorennbahnen. Alle Referenzen von Carr-Racing liegen nat\u00fcrlich im Original vor und k\u00f6nnen eingesehen werden. Gerne k\u00f6nnen wir Ihnen auch konkrete Ansprechpartner benennen. Treten Sie einfach in <a title=\"Unverbindlich Anfragen\" href=\"http:\/\/wordpress.eggert-entertainment.de\/?page_id=36\">Kontakt<\/a> mit uns.<\/p>\n<p>&nbsp;<\/p>\n<p><img loading=\"lazy\" decoding=\"async\" class=\"alignleft wp-image-141 size-full\" src=\"http:\/\/www.eggert-entertainment.de\/wp-content\/uploads\/2015\/01\/referenz_syltfaehre.png\" alt=\"referenz_syltfaehre\" width=\"375\" height=\"90\" srcset=\"https:\/\/www.fehlhaber-gmbh.de\/wp-content\/uploads\/2015\/01\/referenz_syltfaehre.png 375w, https:\/\/www.fehlhaber-gmbh.de\/wp-content\/uploads\/2015\/01\/referenz_syltfaehre-300x72.png 300w\" sizes=\"(max-width: 375px) 100vw, 375px\" \/><\/p>\n<p>&nbsp;<\/p>\n<p>&nbsp;<\/p>\n<p>&nbsp;<\/p>\n<p>\u201eWir m\u00f6chten Ihnen und Ihrem Team mit diesem Schreiben noch einmal f\u00fcr die rundum gelungene Veranstaltung [\u2026] und das gezeigte Engagement danken.<\/p>\n<p>Von den ersten Projektierungsgespr\u00e4chen an, \u00fcber die Meetings vor Ort und Ihre Unterst\u00fctzung unseres Projektteams, durch ma\u00dfstabsgetreue Visualisierung des Veranstaltungsaufbaus, war es eine professionelle und vertraute Zusammenarbeit.<\/p>\n<p>Ihre technische Leitung vor Ort konnte den Veranstaltungsaufbau hervorragend unter den hohen sicherheitsrelevanten Auflagen und technischen Bedingungen auf See umsetzen.<\/p>\n<p>Das eingesetzte moderne technische Equipment erfreute nicht nur die deutschen Top Ten K\u00fcnstler auf der B\u00fchne vom ersten Ton und Lichtstrahl an, sondern verwandelte auch unser Schiff, die Syltexpress, in eine schwimmende elegante Konzerthalle.<\/p>\n<p>Ein gro\u00dfes Lob verdient auch noch Ihre gelungene Zeit und Ablaufplanung, so wie die Zusammenarbeit mit unserer Crew an Board, so dass wir die H\u00e4fen fristgerecht anlaufen konnten und alles einwandfrei funktionierte.<\/p>\n<p>Wir freuen uns auf eine weitere gute Zusammenarbeit und sagen &#8218;Ahoi&#8216;.&#8220;<\/p>\n<p>&nbsp;<\/p>\n<p><img loading=\"lazy\" decoding=\"async\" class=\"alignleft wp-image-142 size-full\" src=\"http:\/\/www.eggert-entertainment.de\/wp-content\/uploads\/2015\/01\/referenz_adventurelearning.png\" alt=\"referenz_adventurelearning\" width=\"626\" height=\"90\" srcset=\"https:\/\/www.fehlhaber-gmbh.de\/wp-content\/uploads\/2015\/01\/referenz_adventurelearning.png 626w, https:\/\/www.fehlhaber-gmbh.de\/wp-content\/uploads\/2015\/01\/referenz_adventurelearning-300x43.png 300w, https:\/\/www.fehlhaber-gmbh.de\/wp-content\/uploads\/2015\/01\/referenz_adventurelearning-600x86.png 600w\" sizes=\"(max-width: 626px) 100vw, 626px\" \/><\/p>\n<p>&nbsp;<\/p>\n<p>&nbsp;<\/p>\n<p>&nbsp;<\/p>\n<p>\u201eVielen Dank f\u00fcr Ihre professionelle Unterst\u00fctzung bei verschiedenen Veranstaltungen in diesem Jahr. Besonderer Dank f\u00fcr Ihren gro\u00dfen Einsatz und der technischen Rundumbetreuung bei der F\u00fchrungskr\u00e4ftetagung der Eon Hanse AG in diesem Sommer. Der tageslichtf\u00e4hige Beamer, die steuerbare Illumination und die homogene Beschallung in der Halle und auf der gro\u00dfen B\u00fchne haben den Event zu einem Erfolg f\u00fcr den Kunden gemacht.<\/p>\n<p>Wir haben Sie in den vergangenen Jahren als einen zuverl\u00e4ssigen und leistungsstarken Partner kennengelernt und konnten uns auch in diesem Jahr wieder voll auf Ihren rundum professionellen Einsatz verlassen. Vom termingerechten Auf- und Abbau ohne Sch\u00e4den bis hin zur Betreuung der Veranstaltung vor Ort wurde alles zu unserer vollsten Zufriedenheit [\u2026] durchgef\u00fchrt.<\/p>\n<p>Wir freuen uns darauf auch im kommenden Jahr weiter mit Ihnen zusammenarbeiten zu k\u00f6nnen.\u201c<\/p>\n<p>&nbsp;<\/p>\n<p><img loading=\"lazy\" decoding=\"async\" class=\"alignleft wp-image-143 size-full\" src=\"http:\/\/www.eggert-entertainment.de\/wp-content\/uploads\/2015\/01\/referenz_meyer.png\" alt=\"referenz_meyer\" width=\"390\" height=\"90\" srcset=\"https:\/\/www.fehlhaber-gmbh.de\/wp-content\/uploads\/2015\/01\/referenz_meyer.png 390w, https:\/\/www.fehlhaber-gmbh.de\/wp-content\/uploads\/2015\/01\/referenz_meyer-300x69.png 300w\" sizes=\"(max-width: 390px) 100vw, 390px\" \/><\/p>\n<p>&nbsp;<\/p>\n<p>&nbsp;<\/p>\n<p>&nbsp;<\/p>\n<p>\u201eHiermit m\u00f6chten wir uns nochmal sehr bei Ihnen und Ihren Mitarbeitern f\u00fcr die professionelle Betreuung der B\u00fchnen-, Licht-, Ton- und Medientechnik [\u2026] bedanken. Ihre Kompetenz von der Angebotserstellung bis zur Durchf\u00fchrung hat uns sehr \u00fcberzeugt.<\/p>\n<p>Sie haben unsere W\u00fcnsche und Ideen hervorragend aufgenommen und umgesetzt. Ihre Betreuung am Veranstaltungsabend hat f\u00fcr einen reibungslosen Ablauf gesorgt. Durch die Illumination wurden unsere Au\u00dfenfassade und unser Ausstellungsraum gro\u00dfartig in Szene gesetzt. [\u2026] Alle G\u00e4ste waren sehr beeindruckt. [\u2026] F\u00fcr zuk\u00fcnftige Veranstaltungen freuen wir uns, Sie als Partner an unserer Seite zu wissen.\u201c<\/p>\n<p>&nbsp;<\/p>\n<p><a href=\"http:\/\/www.eggert-entertainment.de\/wp-content\/uploads\/2014\/09\/180x180_miss-copa-brasil_sbp.jpg\" data-rel=\"lightbox-image-0\" data-rl_title=\"\" data-rl_caption=\"\" title=\"\"><img loading=\"lazy\" decoding=\"async\" class=\" size-thumbnail wp-image-523 alignnone\" src=\"http:\/\/www.eggert-entertainment.de\/wp-content\/uploads\/2014\/09\/180x180_miss-copa-brasil_sbp-150x150.jpg\" alt=\"180x180_miss-copa-brasil_sbp\" width=\"150\" height=\"150\" srcset=\"https:\/\/www.fehlhaber-gmbh.de\/wp-content\/uploads\/2014\/09\/180x180_miss-copa-brasil_sbp-150x150.jpg 150w, https:\/\/www.fehlhaber-gmbh.de\/wp-content\/uploads\/2014\/09\/180x180_miss-copa-brasil_sbp.jpg 180w\" sizes=\"(max-width: 150px) 100vw, 150px\" \/><\/a><\/p>\n<p>\u201eWir w\u00fcnschen Ihnen einen wunderbaren Jahresanfang. Damit\u00a0Ihrem Team [&#8230;] nicht die w\u00e4rme Brasiliens fehlt, senden wir\u00a0Ihnen diese Getr\u00e4nke [&#8230;]. Sie haben dazu beigetragen, dass Miss Copa Brasil 2014 vielen G\u00e4sten und nat\u00fcrlich auch den Kandidatinnen lebhaft in Erinnerung bleiben wird. Daf\u00fcr einmal ganz herzlichen Dank.\u201c<\/p>\n","protected":false},"excerpt":{"rendered":"<p>Das sagen unsere Kunden! Anbei finden Sie einige Aussagen unserer Kunden \u00fcber unsere Arbeitsweise und unsere Carrera Autorennbahnen. Alle Referenzen von Carr-Racing liegen nat\u00fcrlich im Original vor und k\u00f6nnen eingesehen werden. Gerne k\u00f6nnen wir Ihnen auch konkrete Ansprechpartner benennen. Treten Sie einfach in Kontakt mit uns. &nbsp; &nbsp; &nbsp; &nbsp; \u201eWir m\u00f6chten Ihnen und Ihrem [&hellip;]<\/p>\n","protected":false},"author":1,"featured_media":0,"parent":0,"menu_order":0,"comment_status":"open","ping_status":"open","template":"","meta":{"_genesis_hide_title":false,"_genesis_hide_breadcrumbs":false,"_genesis_hide_singular_image":false,"_genesis_hide_footer_widgets":false,"_genesis_custom_body_class":"","_genesis_custom_post_class":"","_genesis_layout":"","footnotes":""},"class_list":{"0":"post-42","1":"page","2":"type-page","3":"status-publish","5":"entry"},"_links":{"self":[{"href":"https:\/\/www.fehlhaber-gmbh.de\/index.php\/wp-json\/wp\/v2\/pages\/42"}],"collection":[{"href":"https:\/\/www.fehlhaber-gmbh.de\/index.php\/wp-json\/wp\/v2\/pages"}],"about":[{"href":"https:\/\/www.fehlhaber-gmbh.de\/index.php\/wp-json\/wp\/v2\/types\/page"}],"author":[{"embeddable":true,"href":"https:\/\/www.fehlhaber-gmbh.de\/index.php\/wp-json\/wp\/v2\/users\/1"}],"replies":[{"embeddable":true,"href":"https:\/\/www.fehlhaber-gmbh.de\/index.php\/wp-json\/wp\/v2\/comments?post=42"}],"version-history":[{"count":8,"href":"https:\/\/www.fehlhaber-gmbh.de\/index.php\/wp-json\/wp\/v2\/pages\/42\/revisions"}],"predecessor-version":[{"id":878,"href":"https:\/\/www.fehlhaber-gmbh.de\/index.php\/wp-json\/wp\/v2\/pages\/42\/revisions\/878"}],"wp:attachment":[{"href":"https:\/\/www.fehlhaber-gmbh.de\/index.php\/wp-json\/wp\/v2\/media?parent=42"}],"curies":[{"name":"wp","href":"https:\/\/api.w.org\/{rel}","templated":true}]}}