{"id":44,"date":"2014-09-20T11:54:16","date_gmt":"2014-09-20T09:54:16","guid":{"rendered":"http:\/\/wordpress.eggert-entertainment.de\/?page_id=44"},"modified":"2018-01-23T18:36:45","modified_gmt":"2018-01-23T16:36:45","slug":"warum-eggert-entertainment","status":"publish","type":"page","link":"https:\/\/www.fehlhaber-gmbh.de\/index.php\/warum-eggert-entertainment\/","title":{"rendered":"Gr\u00fcnde f\u00fcr Fehlhaber GmbH"},"content":{"rendered":"<p><strong>Individuelle Projektierung<\/strong>: Jede Veranstaltung ist einzigartig und bedarf individueller Planung. Aus diesem Grunde steht f\u00fcr uns eine fundiertes Briefing mit einem pers\u00f6nlichen Gespr\u00e4ch oder Treffen im Vordergrund und stellt die Basis f\u00fcr die Projektierung da.<\/p>\n<p><strong>Nachhaltiges Handeln mit Struktur: <\/strong>Nicht nur unsere Ressourcen sind endlich, sondern alle! Wir m\u00f6chten unseren Teil zum Schonen der Ressourcen beitragen und setzen effiziente Routenplanung und Materialdisposition, einen \u00f6konomischen Fuhrpark, recycelbare Materialien und LED-Technologie konsequent im Tagesgesch\u00e4ft um.<\/p>\n<p><strong>Flache Hierarchien f\u00fcr schnelle Umsetzung: <\/strong>Wir arbeiten als Team und meinen das nicht nur so. Ein schneller Informationsaustausch bei Teammeetings, individuelle Personalanpassung nach Projektziel und schnelles sowie fundiertes Handeln dank kurzer Entscheidungswege.<\/p>\n<p><strong>Gl\u00fcckliches Kollegenteam: <\/strong>Wir denken, das grunds\u00e4tzlich nichts Besonderes ohne eigenen Antrieb und die Freude an der Sache entsteht. Aus diesem Grunde sch\u00e4tzen, achten und f\u00f6rdern wir unser Kollegenteam, damit dieser unbezahlbare Wert f\u00fcr Sie als Kunde nutzbar ist.<\/p>\n<p><strong>Technischer Qualit\u00e4tsanspruch: <\/strong>In unseren Augen macht es keinen Sinn, die Auswahl des Materials und der Technik am Kaufpreis fest zu machen. Sicherlich, Sie als Kunde sind ergebnis- und auch kostenorientiert, allerdings steht f\u00fcr uns vor dem g\u00fcnstigsten Preis die Ausf\u00fchrungsqualit\u00e4t und die Sicherheit, die wir Ihnen mit jedem Projekt kostenlos dazugeben m\u00f6chten.<\/p>\n<p><strong>Produkte f\u00fcr Kunden: <\/strong>Wir haben die Erfahrung gemacht, dass Sie als Kunde nicht grunds\u00e4tzlich auf die detaillierte technische Ausstattung achten, sondern viel mehr ihre Veranstaltung mit gutem Ergebnis im Blick haben. Deshalb haben wir unsere Produkte darauf getrimmt mehr zu sein, als nur einzelne technische Komponenten \u2013 unsere Produkte sind Paketl\u00f6sungen f\u00fcr Sie!<\/p>\n","protected":false},"excerpt":{"rendered":"<p>Individuelle Projektierung: Jede Veranstaltung ist einzigartig und bedarf individueller Planung. Aus diesem Grunde steht f\u00fcr uns eine fundiertes Briefing mit einem pers\u00f6nlichen Gespr\u00e4ch oder Treffen im Vordergrund und stellt die Basis f\u00fcr die Projektierung da. Nachhaltiges Handeln mit Struktur: Nicht nur unsere Ressourcen sind endlich, sondern alle! Wir m\u00f6chten unseren Teil zum Schonen der Ressourcen [&hellip;]<\/p>\n","protected":false},"author":1,"featured_media":0,"parent":0,"menu_order":0,"comment_status":"open","ping_status":"open","template":"","meta":{"_genesis_hide_title":false,"_genesis_hide_breadcrumbs":false,"_genesis_hide_singular_image":false,"_genesis_hide_footer_widgets":false,"_genesis_custom_body_class":"","_genesis_custom_post_class":"","_genesis_layout":"","footnotes":""},"class_list":{"0":"post-44","1":"page","2":"type-page","3":"status-publish","5":"entry"},"_links":{"self":[{"href":"https:\/\/www.fehlhaber-gmbh.de\/index.php\/wp-json\/wp\/v2\/pages\/44"}],"collection":[{"href":"https:\/\/www.fehlhaber-gmbh.de\/index.php\/wp-json\/wp\/v2\/pages"}],"about":[{"href":"https:\/\/www.fehlhaber-gmbh.de\/index.php\/wp-json\/wp\/v2\/types\/page"}],"author":[{"embeddable":true,"href":"https:\/\/www.fehlhaber-gmbh.de\/index.php\/wp-json\/wp\/v2\/users\/1"}],"replies":[{"embeddable":true,"href":"https:\/\/www.fehlhaber-gmbh.de\/index.php\/wp-json\/wp\/v2\/comments?post=44"}],"version-history":[{"count":7,"href":"https:\/\/www.fehlhaber-gmbh.de\/index.php\/wp-json\/wp\/v2\/pages\/44\/revisions"}],"predecessor-version":[{"id":924,"href":"https:\/\/www.fehlhaber-gmbh.de\/index.php\/wp-json\/wp\/v2\/pages\/44\/revisions\/924"}],"wp:attachment":[{"href":"https:\/\/www.fehlhaber-gmbh.de\/index.php\/wp-json\/wp\/v2\/media?parent=44"}],"curies":[{"name":"wp","href":"https:\/\/api.w.org\/{rel}","templated":true}]}}