{"id":804,"date":"2017-04-03T14:44:50","date_gmt":"2017-04-03T12:44:50","guid":{"rendered":"http:\/\/www.fehlhaber-gmbh.de\/?page_id=804"},"modified":"2018-09-25T19:20:55","modified_gmt":"2018-09-25T17:20:55","slug":"werbebanner","status":"publish","type":"page","link":"https:\/\/www.fehlhaber-gmbh.de\/index.php\/werbebanner\/","title":{"rendered":"Werbebanner"},"content":{"rendered":"<hr \/>\n<div id='gallery-1' class='gallery galleryid-804 gallery-columns-2 gallery-size-thumbnail'><figure class='gallery-item'>\n\t\t\t<div class='gallery-icon landscape'>\n\t\t\t\t<a href='https:\/\/www.fehlhaber-gmbh.de\/wp-content\/uploads\/2018\/01\/2017-03-21-13.15.36_preview.jpeg' title=\"\" data-rl_title=\"\" class=\"rl-gallery-link\" data-rl_caption=\"\" data-rel=\"lightbox-gallery-1\"><img loading=\"lazy\" decoding=\"async\" width=\"150\" height=\"150\" src=\"https:\/\/www.fehlhaber-gmbh.de\/wp-content\/uploads\/2018\/01\/2017-03-21-13.15.36_preview-150x150.jpeg\" class=\"attachment-thumbnail size-thumbnail\" alt=\"\" \/><\/a>\n\t\t\t<\/div><\/figure><figure class='gallery-item'>\n\t\t\t<div class='gallery-icon landscape'>\n\t\t\t\t<a href='https:\/\/www.fehlhaber-gmbh.de\/wp-content\/uploads\/2015\/01\/Messe_3.jpg' title=\"\" data-rl_title=\"\" class=\"rl-gallery-link\" data-rl_caption=\"\" data-rel=\"lightbox-gallery-1\"><img loading=\"lazy\" decoding=\"async\" width=\"150\" height=\"150\" src=\"https:\/\/www.fehlhaber-gmbh.de\/wp-content\/uploads\/2015\/01\/Messe_3-150x150.jpg\" class=\"attachment-thumbnail size-thumbnail\" alt=\"\" \/><\/a>\n\t\t\t<\/div><\/figure>\n\t\t<\/div>\n\n<p>Wir setzen ihre Message gezielt in Scene, egal in welcher Gr\u00f6\u00dfe!<\/p>\n<p>Sie m\u00f6chten durch Bannerwerbung effektives Marketing betreiben und haben eine bestimmte Ma\u00dfvorstellung? Wir konstruieren den Bannerrahmen so, dass ihre Werbung perfekt gespannt und faltenfrei zur Geltung kommt. Egal ob drinnen oder drau\u00dfen, Sie bestimmen die Zeitspanne und den Ort f\u00fcr den Bannerrahmen.<br \/>\nEbenfalls besteht die Option, dass ihre Werbung auch nachts durch gezielte Beleuchtung optimal zur Geltung kommt. Ab einer gewissen Gr\u00f6\u00dfe ist die Windanf\u00e4lligkeit nat\u00fcrlich nicht zu vergessen, f\u00fcr Sie schon, denn wir berechnen die auftreffende Windlast und spannen das Banner dementsprechend sicher ab.<\/p>\n<p><a href=\"http:\/\/www.fehlhaber-gmbh.de\/wp-content\/uploads\/2018\/09\/2018-09-14-13.21.05.jpg\" data-rel=\"lightbox-image-2\" data-rl_title=\"\" data-rl_caption=\"\" title=\"\"><img loading=\"lazy\" decoding=\"async\" class=\"size-medium wp-image-967 aligncenter\" src=\"http:\/\/www.fehlhaber-gmbh.de\/wp-content\/uploads\/2018\/09\/2018-09-14-13.21.05-300x169.jpg\" alt=\"\" width=\"300\" height=\"169\" srcset=\"https:\/\/www.fehlhaber-gmbh.de\/wp-content\/uploads\/2018\/09\/2018-09-14-13.21.05-300x169.jpg 300w, https:\/\/www.fehlhaber-gmbh.de\/wp-content\/uploads\/2018\/09\/2018-09-14-13.21.05-768x432.jpg 768w, https:\/\/www.fehlhaber-gmbh.de\/wp-content\/uploads\/2018\/09\/2018-09-14-13.21.05-1024x576.jpg 1024w, https:\/\/www.fehlhaber-gmbh.de\/wp-content\/uploads\/2018\/09\/2018-09-14-13.21.05-285x160.jpg 285w\" sizes=\"(max-width: 300px) 100vw, 300px\" \/><\/a><\/p>\n","protected":false},"excerpt":{"rendered":"<p>Wir setzen ihre Message gezielt in Scene, egal in welcher Gr\u00f6\u00dfe! Sie m\u00f6chten durch Bannerwerbung effektives Marketing betreiben und haben eine bestimmte Ma\u00dfvorstellung? Wir konstruieren den Bannerrahmen so, dass ihre Werbung perfekt gespannt und faltenfrei zur Geltung kommt. Egal ob drinnen oder drau\u00dfen, Sie bestimmen die Zeitspanne und den Ort f\u00fcr den Bannerrahmen. Ebenfalls besteht [&hellip;]<\/p>\n","protected":false},"author":1,"featured_media":0,"parent":0,"menu_order":0,"comment_status":"closed","ping_status":"closed","template":"","meta":{"_genesis_hide_title":false,"_genesis_hide_breadcrumbs":false,"_genesis_hide_singular_image":false,"_genesis_hide_footer_widgets":false,"_genesis_custom_body_class":"","_genesis_custom_post_class":"","_genesis_layout":"","footnotes":""},"class_list":{"0":"post-804","1":"page","2":"type-page","3":"status-publish","5":"entry"},"_links":{"self":[{"href":"https:\/\/www.fehlhaber-gmbh.de\/index.php\/wp-json\/wp\/v2\/pages\/804"}],"collection":[{"href":"https:\/\/www.fehlhaber-gmbh.de\/index.php\/wp-json\/wp\/v2\/pages"}],"about":[{"href":"https:\/\/www.fehlhaber-gmbh.de\/index.php\/wp-json\/wp\/v2\/types\/page"}],"author":[{"embeddable":true,"href":"https:\/\/www.fehlhaber-gmbh.de\/index.php\/wp-json\/wp\/v2\/users\/1"}],"replies":[{"embeddable":true,"href":"https:\/\/www.fehlhaber-gmbh.de\/index.php\/wp-json\/wp\/v2\/comments?post=804"}],"version-history":[{"count":11,"href":"https:\/\/www.fehlhaber-gmbh.de\/index.php\/wp-json\/wp\/v2\/pages\/804\/revisions"}],"predecessor-version":[{"id":968,"href":"https:\/\/www.fehlhaber-gmbh.de\/index.php\/wp-json\/wp\/v2\/pages\/804\/revisions\/968"}],"wp:attachment":[{"href":"https:\/\/www.fehlhaber-gmbh.de\/index.php\/wp-json\/wp\/v2\/media?parent=804"}],"curies":[{"name":"wp","href":"https:\/\/api.w.org\/{rel}","templated":true}]}}