{"id":882,"date":"2018-01-18T17:10:06","date_gmt":"2018-01-18T15:10:06","guid":{"rendered":"http:\/\/www.fehlhaber-gmbh.de\/?page_id=882"},"modified":"2022-02-14T17:50:35","modified_gmt":"2022-02-14T15:50:35","slug":"messestand","status":"publish","type":"page","link":"https:\/\/www.fehlhaber-gmbh.de\/index.php\/messestand\/","title":{"rendered":"Messe und Pr\u00e4sentation"},"content":{"rendered":"\n<p><\/p>\n\n\n<div id=\"metaslider-id-1087\" style=\"width: 100%;\" class=\"ml-slider-3-92-0 metaslider metaslider-nivo metaslider-1087 ml-slider ms-theme-outline has-dots-nav\" role=\"region\" aria-roledescription=\"Slideshow\" aria-label=\"Neue Slideshow\">\n    <div id=\"metaslider_container_1087\">\n        <div class='slider-wrapper theme-default'><div class='ribbon'><\/div><div id='metaslider_1087' class='nivoSlider'><a href=\"https:\/\/www.fehlhaber-gmbh.de\/wp-content\/uploads\/2018\/01\/Messestand-1.jpeg\" target=\"_self\" data-rel=\"lightbox-image-0\" data-rl_title=\"\" data-rl_caption=\"\"><img loading=\"lazy\" decoding=\"async\" src=\"https:\/\/www.fehlhaber-gmbh.de\/wp-content\/uploads\/2022\/02\/a1-3-700x500.jpg\" height=\"500\" width=\"700\" title=\"\" alt=\"\" class=\"slider-1087 slide-1091\" \/><\/a><img loading=\"lazy\" decoding=\"async\" src=\"https:\/\/www.fehlhaber-gmbh.de\/wp-content\/uploads\/2022\/02\/a2-2-700x500.jpg\" height=\"500\" width=\"700\" title=\"a2-2\" alt=\"\" class=\"slider-1087 slide-1092\" \/><img loading=\"lazy\" decoding=\"async\" src=\"https:\/\/www.fehlhaber-gmbh.de\/wp-content\/uploads\/2022\/02\/a3-1-700x500.jpg\" height=\"500\" width=\"700\" title=\"a3-1\" alt=\"\" class=\"slider-1087 slide-1093\" \/><\/div><\/div>\n        \n    <\/div>\n<\/div>\n\n\n\n<p>Ihr Business im Mittelpunkt<\/p>\n\n\n\n<p>Von Messest\u00e4nden bis hin zu Pr\u00e4sentationen, wir Sorgen daf\u00fcr, dass Sie oder Ihr Produkt im Mittelpunkt stehen und zum Blickfang werden. Traversen, Beleuchtung, Beschallung und alles was dazu geh\u00f6rt aus einer Hand.<\/p>\n\n\n\n<p><\/p>\n\n\n\n<p>Viele M\u00f6glichkeiten, ein Ansprechpartner<\/p>\n\n\n\n<p>Kommen Sie mit Ihren Ideen auf uns zu und gemeinsam erarbeiten wir ein optimales und individuell auf Sie zugeschnittenes Konzept. Gerne visualisieren wir es auch in enger Abstimmung vorab als 3D Zeichnung.<\/p>\n\n\n\n<p><\/p>\n\n\n\n<figure class=\"wp-block-gallery has-nested-images columns-3 is-cropped wp-block-gallery-1 is-layout-flex wp-block-gallery-is-layout-flex\">\n<figure class=\"wp-block-image size-large is-style-default\"><img loading=\"lazy\" decoding=\"async\" width=\"1600\" height=\"1067\" data-id=\"883\" src=\"https:\/\/www.fehlhaber-gmbh.de\/wp-content\/uploads\/2018\/01\/Messestand-1.jpeg\" alt=\"\" class=\"wp-image-883\" srcset=\"https:\/\/www.fehlhaber-gmbh.de\/wp-content\/uploads\/2018\/01\/Messestand-1.jpeg 1600w, https:\/\/www.fehlhaber-gmbh.de\/wp-content\/uploads\/2018\/01\/Messestand-1-300x200.jpeg 300w, https:\/\/www.fehlhaber-gmbh.de\/wp-content\/uploads\/2018\/01\/Messestand-1-768x512.jpeg 768w, https:\/\/www.fehlhaber-gmbh.de\/wp-content\/uploads\/2018\/01\/Messestand-1-1024x683.jpeg 1024w, https:\/\/www.fehlhaber-gmbh.de\/wp-content\/uploads\/2018\/01\/Messestand-1-600x400.jpeg 600w\" sizes=\"(max-width: 1600px) 100vw, 1600px\" \/><\/figure>\n\n\n\n<figure class=\"wp-block-image size-large is-style-default\"><img loading=\"lazy\" decoding=\"async\" width=\"1600\" height=\"900\" data-id=\"884\" src=\"https:\/\/www.fehlhaber-gmbh.de\/wp-content\/uploads\/2018\/01\/messestand-2.jpeg\" alt=\"\" class=\"wp-image-884\" srcset=\"https:\/\/www.fehlhaber-gmbh.de\/wp-content\/uploads\/2018\/01\/messestand-2.jpeg 1600w, https:\/\/www.fehlhaber-gmbh.de\/wp-content\/uploads\/2018\/01\/messestand-2-300x169.jpeg 300w, https:\/\/www.fehlhaber-gmbh.de\/wp-content\/uploads\/2018\/01\/messestand-2-768x432.jpeg 768w, https:\/\/www.fehlhaber-gmbh.de\/wp-content\/uploads\/2018\/01\/messestand-2-1024x576.jpeg 1024w, https:\/\/www.fehlhaber-gmbh.de\/wp-content\/uploads\/2018\/01\/messestand-2-600x338.jpeg 600w, https:\/\/www.fehlhaber-gmbh.de\/wp-content\/uploads\/2018\/01\/messestand-2-285x160.jpeg 285w\" sizes=\"(max-width: 1600px) 100vw, 1600px\" \/><\/figure>\n\n\n\n<figure class=\"wp-block-image size-large is-style-default\"><img loading=\"lazy\" decoding=\"async\" width=\"1536\" height=\"2048\" data-id=\"920\" src=\"https:\/\/www.fehlhaber-gmbh.de\/wp-content\/uploads\/2018\/01\/2013-03-13-17.35.11.jpg\" alt=\"\" class=\"wp-image-920\" srcset=\"https:\/\/www.fehlhaber-gmbh.de\/wp-content\/uploads\/2018\/01\/2013-03-13-17.35.11.jpg 1536w, https:\/\/www.fehlhaber-gmbh.de\/wp-content\/uploads\/2018\/01\/2013-03-13-17.35.11-225x300.jpg 225w, https:\/\/www.fehlhaber-gmbh.de\/wp-content\/uploads\/2018\/01\/2013-03-13-17.35.11-768x1024.jpg 768w, https:\/\/www.fehlhaber-gmbh.de\/wp-content\/uploads\/2018\/01\/2013-03-13-17.35.11-600x800.jpg 600w\" sizes=\"(max-width: 1536px) 100vw, 1536px\" \/><\/figure>\n<\/figure>\n\n\n\n<p>Das richtige Konzept f\u00fcr einen Messestand zu erstellen und in den vorgegebenen das Maximum an Wirkung zu erzielen, kann eine Herausforderung sein. So etwas ist fast unm\u00f6glich neben den gewohnten Alltagsgesch\u00e4ft.<br>Daf\u00fcr haben wir f\u00fcr Sie die L\u00f6sung!<\/p>\n\n\n\n<div class=\"wp-block-image is-style-default\"><figure class=\"alignleft is-resized\"><img loading=\"lazy\" decoding=\"async\" src=\"https:\/\/www.fehlhaber-gmbh.de\/wp-content\/uploads\/2022\/02\/a2-1-1024x768.jpg\" alt=\"\" class=\"wp-image-1082\" width=\"523\" height=\"392\" srcset=\"https:\/\/www.fehlhaber-gmbh.de\/wp-content\/uploads\/2022\/02\/a2-1-1024x768.jpg 1024w, https:\/\/www.fehlhaber-gmbh.de\/wp-content\/uploads\/2022\/02\/a2-1-300x225.jpg 300w, https:\/\/www.fehlhaber-gmbh.de\/wp-content\/uploads\/2022\/02\/a2-1-768x576.jpg 768w, https:\/\/www.fehlhaber-gmbh.de\/wp-content\/uploads\/2022\/02\/a2-1-1536x1152.jpg 1536w, https:\/\/www.fehlhaber-gmbh.de\/wp-content\/uploads\/2022\/02\/a2-1.jpg 1600w\" sizes=\"(max-width: 523px) 100vw, 523px\" \/><\/figure><\/div>\n\n\n\n<p>Wir k\u00fcmmern uns um die detailreiche Planung, den Aufbau und den Abbau. Sie haben die gesamte Zeit \u00fcber einen festen Ansprechpartner bei uns, der durchgehend f\u00fcr sie erreichbar ist und mit dem sie im st\u00e4ndigem Austausch sind wegen ihres Messestandes.<\/p>\n\n\n\n<p>Unsere Traversenkonsturktionen erm\u00f6glichen es uns ihren Messestand Individuell nach ihren W\u00fcnschen zu gestalten. Dar\u00fcber hinaus bieten wir ihnen Technik f\u00fcr ein CI-Konformes Lichtkonzept und optimale Standbeschallung. Auch weitere W\u00fcnsche, wie einen Abschlie\u00dfbaren Raum sind f\u00fcr uns kein Problem.<\/p>\n\n\n\n<p>Als kleines Highlight k\u00f6nnen sie Ihren Messestand schon vor Messebeginn in unserer Ma\u00dfstabgetreuen 3D Simulation betreten und nat\u00fcrlich \u00c4nderungsw\u00fcnsche \u00e4u\u00dfern.<\/p>\n\n\n\n<p>Neben der Liebe zum Detail ist es uns durch unsere langj\u00e4hrige Erfahrung m\u00f6glich quasi alles, was Sie f\u00fcr ihren Messestand w\u00fcnschen, aus einer Hand anbieten zu k\u00f6nnen.<\/p>\n\n\n\n<p>Wir freuen uns auf Sie und Ihren Messestand! Egal wo, mit was f\u00fcr Besonderheiten und in welcher Gr\u00f6\u00dfe.<\/p>\n","protected":false},"excerpt":{"rendered":"<p>Ihr Business im Mittelpunkt Von Messest\u00e4nden bis hin zu Pr\u00e4sentationen, wir Sorgen daf\u00fcr, dass Sie oder Ihr Produkt im Mittelpunkt stehen und zum Blickfang werden. Traversen, Beleuchtung, Beschallung und alles was dazu geh\u00f6rt aus einer Hand. Viele M\u00f6glichkeiten, ein Ansprechpartner Kommen Sie mit Ihren Ideen auf uns zu und gemeinsam erarbeiten wir ein optimales und [&hellip;]<\/p>\n","protected":false},"author":1,"featured_media":943,"parent":0,"menu_order":0,"comment_status":"closed","ping_status":"closed","template":"","meta":{"_genesis_hide_title":false,"_genesis_hide_breadcrumbs":false,"_genesis_hide_singular_image":false,"_genesis_hide_footer_widgets":false,"_genesis_custom_body_class":"","_genesis_custom_post_class":"","_genesis_layout":"","footnotes":""},"class_list":{"0":"post-882","1":"page","2":"type-page","3":"status-publish","4":"has-post-thumbnail","6":"entry"},"_links":{"self":[{"href":"https:\/\/www.fehlhaber-gmbh.de\/index.php\/wp-json\/wp\/v2\/pages\/882"}],"collection":[{"href":"https:\/\/www.fehlhaber-gmbh.de\/index.php\/wp-json\/wp\/v2\/pages"}],"about":[{"href":"https:\/\/www.fehlhaber-gmbh.de\/index.php\/wp-json\/wp\/v2\/types\/page"}],"author":[{"embeddable":true,"href":"https:\/\/www.fehlhaber-gmbh.de\/index.php\/wp-json\/wp\/v2\/users\/1"}],"replies":[{"embeddable":true,"href":"https:\/\/www.fehlhaber-gmbh.de\/index.php\/wp-json\/wp\/v2\/comments?post=882"}],"version-history":[{"count":26,"href":"https:\/\/www.fehlhaber-gmbh.de\/index.php\/wp-json\/wp\/v2\/pages\/882\/revisions"}],"predecessor-version":[{"id":1141,"href":"https:\/\/www.fehlhaber-gmbh.de\/index.php\/wp-json\/wp\/v2\/pages\/882\/revisions\/1141"}],"wp:featuredmedia":[{"embeddable":true,"href":"https:\/\/www.fehlhaber-gmbh.de\/index.php\/wp-json\/wp\/v2\/media\/943"}],"wp:attachment":[{"href":"https:\/\/www.fehlhaber-gmbh.de\/index.php\/wp-json\/wp\/v2\/media?parent=882"}],"curies":[{"name":"wp","href":"https:\/\/api.w.org\/{rel}","templated":true}]}}